{"id":1036,"date":"2024-06-22T20:21:29","date_gmt":"2024-06-22T19:21:29","guid":{"rendered":"https:\/\/khachatryan.fr\/?page_id=1036"},"modified":"2024-06-30T06:09:38","modified_gmt":"2024-06-30T05:09:38","slug":"prestations-2","status":"publish","type":"page","link":"https:\/\/khachatryan.fr\/index.php\/prestations-2\/","title":{"rendered":"PRESTATIONS"},"content":{"rendered":"\n<p><\/p>\n\n\n\n<p class=\"has-medium-font-size\"><strong>Les Prestations du Studio Cr\u00e9atif<\/strong> :<br><\/p>\n\n\n\n<p class=\"has-medium-font-size\">Au Studio photo, vous avez l\u2019assurance de travailler avec des photographes professionnels \u00e9quip\u00e9s de mat\u00e9riel photo haut de gamme et sachant s\u2019adapter \u00e0 toutes situations-photos corporatif, mariages, reportage en entreprise, portraits en studio\u2026<\/p>\n\n\n\n<p class=\"has-medium-font-size\">Les prix indiqu\u00e9s pour les s\u00e9ances photos et reportages photos se d\u00e9composent en deux temps, celui de la prise de vue et de la retouche photo.<\/p>\n\n\n\n<p class=\"has-medium-font-size\">Les prix indiqu\u00e9s comprennent la pr\u00e9paration du shooting, le temps pour nous pr\u00e9senter, pour que vous me posiez vos questions, pour que vous me parliez de vos attentes sur cette s\u00e9ance photo. Le montage du ou des d\u00e9cors au studio. Les prises de vues, puis la mise \u00e0 disposition d&rsquo;une galerie web priv\u00e9e pour vous permettre de faire votre choix de photos, les retouches et l&rsquo;envoi de vos photos trait\u00e9es, en format HD num\u00e9rique.<\/p>\n\n\n\n<p class=\"has-medium-font-size\">Nos retouches ne se contentent pas d\u2019\u00eatre un simple filtre de couleur disponible sur internet. Chaque photo est retouch\u00e9e individuellement, recadr\u00e9e, de nombreux param\u00e8tres ajust\u00e9s. Tout est mis en \u0153uvre pour que les sujets soient mis en valeur, tout en conservant un rendu de couleur et de lumi\u00e8re naturel.<br>Nous ne d\u00e9livrons jamais aucune photo brute, ni les photos non retenues.<\/p>\n","protected":false},"excerpt":{"rendered":"<p>Les Prestations du Studio Cr\u00e9atif : Au Studio photo, vous avez l\u2019assurance de travailler avec des photographes professionnels \u00e9quip\u00e9s de mat\u00e9riel photo haut de gamme et sachant s\u2019adapter \u00e0 toutes situations-photos corporatif, mariages, reportage en entreprise, portraits en studio\u2026 Les prix indiqu\u00e9s pour les s\u00e9ances photos et reportages photos se d\u00e9composent en deux temps, celui&hellip;<\/p>\n","protected":false},"author":1,"featured_media":0,"parent":0,"menu_order":0,"comment_status":"closed","ping_status":"closed","template":"","meta":{"footnotes":""},"class_list":["post-1036","page","type-page","status-publish","hentry","no-post-thumbnail","post-grid-3-col","entry"],"_links":{"self":[{"href":"https:\/\/khachatryan.fr\/index.php\/wp-json\/wp\/v2\/pages\/1036","targetHints":{"allow":["GET"]}}],"collection":[{"href":"https:\/\/khachatryan.fr\/index.php\/wp-json\/wp\/v2\/pages"}],"about":[{"href":"https:\/\/khachatryan.fr\/index.php\/wp-json\/wp\/v2\/types\/page"}],"author":[{"embeddable":true,"href":"https:\/\/khachatryan.fr\/index.php\/wp-json\/wp\/v2\/users\/1"}],"replies":[{"embeddable":true,"href":"https:\/\/khachatryan.fr\/index.php\/wp-json\/wp\/v2\/comments?post=1036"}],"version-history":[{"count":7,"href":"https:\/\/khachatryan.fr\/index.php\/wp-json\/wp\/v2\/pages\/1036\/revisions"}],"predecessor-version":[{"id":1480,"href":"https:\/\/khachatryan.fr\/index.php\/wp-json\/wp\/v2\/pages\/1036\/revisions\/1480"}],"wp:attachment":[{"href":"https:\/\/khachatryan.fr\/index.php\/wp-json\/wp\/v2\/media?parent=1036"}],"curies":[{"name":"wp","href":"https:\/\/api.w.org\/{rel}","templated":true}]}}