{"id":1073,"date":"2024-06-22T20:56:38","date_gmt":"2024-06-22T19:56:38","guid":{"rendered":"https:\/\/khachatryan.fr\/?page_id=1073"},"modified":"2024-07-02T15:59:02","modified_gmt":"2024-07-02T14:59:02","slug":"tarifs-mariages","status":"publish","type":"page","link":"https:\/\/khachatryan.fr\/index.php\/tarifs-mariages\/","title":{"rendered":"TARIFS MARIAGES"},"content":{"rendered":"\n<p><\/p>\n\n\n\n<h6 class=\"wp-block-heading has-medium-font-size\">Voici le d\u00e9tail de mes formules de mariage, toutes les formules comprennent un rendez-vous face \u00e0 face ou par visio et la retouch\u00e9 des photos. Pour les mariages je me d\u00e9place en France et \u00e0 l\u2019\u00e9tranger. Les frais de d\u00e9placement sont \u00e0 compter \u00e0 partir de 50 km au-del\u00e0 de Clermont-Ferrand.<\/h6>\n\n\n\n<p><\/p>\n\n\n\n<h2 class=\"wp-block-heading has-luminous-vivid-orange-color has-text-color has-link-color wp-elements-c1e8b0f132a27b8fd8ab47bb285f13fd\">MARIAGE JOURN\u00c9E&nbsp;ENTI\u00c8RE  HT<\/h2>\n\n\n\n<h3 class=\"wp-block-heading\"><strong>1200 \u20ac&nbsp;<\/strong><\/h3>\n\n\n\n<p>Reportage de toute la journ\u00e9e ( jusqu\u2019\u00e0 1 heure du matin maximum)<\/p>\n\n\n\n<p>Photos de couple et photos de groupes<\/p>\n\n\n\n<p>1000 photos num\u00e9riques trait\u00e9es avec Photoshop et Lightroom   <\/p>\n\n\n\n<p>Photos livr\u00e9es en haute r\u00e9solution sur cl\u00e9 USB<\/p>\n\n\n\n<p>Galerie web avec acc\u00e8s s\u00e9curis\u00e9<\/p>\n\n\n\n<p>Boite avec cl\u00e9 USB <\/p>\n\n\n\n<h3 class=\"wp-block-heading\"><strong>Options:<\/strong><\/h3>\n\n\n\n<p>Heure suppl\u00e9mentaire avec 50 fichiers en haute-r\u00e9solution:&nbsp;<strong>100 \u20ac&nbsp;<\/strong><\/p>\n\n\n\n<p>Livre Photo \u00e0 couverture rigide 30\u00d730 cm, 50 pages        <strong>350 \u20ac&nbsp;<\/strong><\/p>\n\n\n\n<p>Livre Photo \u00e0 couverture rigide 22 x 30 cm 40 pages <strong>250<\/strong> <strong>\u20ac&nbsp;<\/strong><\/p>\n\n\n\n<p><\/p>\n\n\n\n<p><\/p>\n\n\n\n<h2 class=\"wp-block-heading has-luminous-vivid-orange-color has-text-color has-link-color wp-elements-b055fb10da4d7f23781d4dda3f1be416\">MARIAGE 6 HEURES \u00a0HT<\/h2>\n\n\n\n<h3 class=\"wp-block-heading\"><strong>600 \u20ac&nbsp;<\/strong><\/h3>\n\n\n\n<p>6 heures de reportage<\/p>\n\n\n\n<p>Photos de couple et photos de groupes<\/p>\n\n\n\n<p>400 photos num\u00e9riques trait\u00e9es avec Photoshop<\/p>\n\n\n\n<p>Photos livr\u00e9es en haute r\u00e9solution sur cl\u00e9 USB<\/p>\n\n\n\n<p>Galerie web avec acc\u00e8s s\u00e9curis\u00e9<\/p>\n\n\n\n<p>Boite avec cl\u00e9 USB <\/p>\n\n\n\n<h3 class=\"wp-block-heading\"><strong>Options:<\/strong><\/h3>\n\n\n\n<p>Heure suppl\u00e9mentaire avec 50 fichiers en haute-r\u00e9solution:&nbsp;<strong>100 \u20ac&nbsp;<\/strong><\/p>\n\n\n\n<p>Livre Photo \u00e0 couverture rigide 30\u00d730 cm, 50 pages        <strong>350 \u20ac&nbsp;&nbsp;<\/strong><\/p>\n\n\n\n<p>Livre Photo \u00e0 couverture rigide 22 x 30 cm  50 pages        250 <strong>\u20ac&nbsp;<\/strong><\/p>\n\n\n\n<p><\/p>\n\n\n\n<p><\/p>\n\n\n\n<h2 class=\"wp-block-heading has-luminous-vivid-orange-color has-text-color has-link-color wp-elements-24dae905b224151de5857f2230abd4ff\">MARIAGE 4 HEURES\u00a0<strong>\u00a0<\/strong>HT<\/h2>\n\n\n\n<h3 class=\"wp-block-heading\"><strong>400 \u20ac&nbsp;<\/strong><\/h3>\n\n\n\n<p>4 heures de reportage<\/p>\n\n\n\n<p>Photos de couple et photos de groupes<\/p>\n\n\n\n<p>300 photos num\u00e9riques trait\u00e9es avec Photoshop<\/p>\n\n\n\n<p>Photos livr\u00e9es en haute r\u00e9solution sur cl\u00e9 USB<\/p>\n\n\n\n<p>Galerie web avec acc\u00e8s s\u00e9curis\u00e9<\/p>\n\n\n\n<p><\/p>\n\n\n\n<p><strong>Options:<\/strong><\/p>\n\n\n\n<p>Heure suppl\u00e9mentaire avec 50 fichiers en haute-r\u00e9solution:&nbsp;<strong>100 \u20ac&nbsp;<\/strong><\/p>\n\n\n\n<p>Livre Photo \u00e0 couverture rigide 30\u00d730 cm, 50 pages        <strong>350 \u20ac<\/strong><\/p>\n\n\n\n<p>Livre Photo \u00e0 couverture rigide 22 x 30 cm 50 pages <strong>250<\/strong> <strong>\u20ac&nbsp;<\/strong><\/p>\n\n\n\n<p><\/p>\n\n\n\n<p><\/p>\n\n\n\n<h2 class=\"wp-block-heading has-luminous-vivid-orange-color has-text-color has-link-color wp-elements-015f5d5232eef4f77db24d84120348ac\">MARIAGE 2 HEURES<strong> \u00a0\u00a0<\/strong>HT<\/h2>\n\n\n\n<h3 class=\"wp-block-heading\"><strong>250 \u20ac&nbsp;<\/strong><\/h3>\n\n\n\n<p>2 heures de reportage<\/p>\n\n\n\n<p>Photos de couple et photos de groupes<\/p>\n\n\n\n<p>100 photos num\u00e9riques trait\u00e9es avec Photoshop<\/p>\n\n\n\n<p>Photos livr\u00e9es en haute r\u00e9solution sur cl\u00e9 USB<\/p>\n\n\n\n<p>Galerie web avec acc\u00e8s s\u00e9curis\u00e9<\/p>\n\n\n\n<h3 class=\"wp-block-heading\"><strong>Options:<\/strong><\/h3>\n\n\n\n<p>Heure suppl\u00e9mentaire avec 50 fichiers en haute-r\u00e9solution:&nbsp;<strong>100 \u20ac<\/strong><\/p>\n\n\n\n<p><\/p>\n\n\n\n<p><\/p>\n\n\n\n<h2 class=\"wp-block-heading has-luminous-vivid-orange-color has-text-color has-link-color wp-elements-e9264cc7094b1f6e6e77a93d984fd699\">ENGAGEMENT\u00a0<strong>\u00a0<\/strong>HT<\/h2>\n\n\n\n<h3 class=\"wp-block-heading\"><strong>250 \u20ac&nbsp;<\/strong><\/h3>\n\n\n\n<p>S\u00e9ance photos de 2 \u00e0 3 heures \u00e0 l\u2019ext\u00e9rieur<\/p>\n\n\n\n<p>50 photos num\u00e9riques trait\u00e9es avec Photoshop<\/p>\n\n\n\n<p>Photos &nbsp;livr\u00e9es en haute r\u00e9solution par t\u00e9l\u00e9chargement<\/p>\n\n\n\n<p>Galerie web avec acc\u00e8s s\u00e9curis\u00e9<strong><\/strong><\/p>\n\n\n\n<figure class=\"wp-block-image size-large is-resized\"><img loading=\"lazy\" decoding=\"async\" width=\"1024\" height=\"420\" src=\"https:\/\/khachatryan.fr\/wp-content\/uploads\/2024\/06\/666877-1024x420.jpg\" alt=\"\" class=\"wp-image-1173\" style=\"width:840px;height:auto\" srcset=\"https:\/\/khachatryan.fr\/wp-content\/uploads\/2024\/06\/666877-1024x420.jpg 1024w, https:\/\/khachatryan.fr\/wp-content\/uploads\/2024\/06\/666877-300x123.jpg 300w, https:\/\/khachatryan.fr\/wp-content\/uploads\/2024\/06\/666877-768x315.jpg 768w, https:\/\/khachatryan.fr\/wp-content\/uploads\/2024\/06\/666877-1536x630.jpg 1536w, https:\/\/khachatryan.fr\/wp-content\/uploads\/2024\/06\/666877-2048x840.jpg 2048w\" sizes=\"auto, (max-width: 1024px) 100vw, 1024px\" \/><\/figure>\n","protected":false},"excerpt":{"rendered":"<p>Voici le d\u00e9tail de mes formules de mariage, toutes les formules comprennent un rendez-vous face \u00e0 face ou par visio et la retouch\u00e9 des photos. Pour les mariages je me d\u00e9place en France et \u00e0 l\u2019\u00e9tranger. Les frais de d\u00e9placement sont \u00e0 compter \u00e0 partir de 50 km au-del\u00e0 de Clermont-Ferrand. MARIAGE JOURN\u00c9E&nbsp;ENTI\u00c8RE HT 1200&hellip;<\/p>\n","protected":false},"author":1,"featured_media":0,"parent":0,"menu_order":0,"comment_status":"closed","ping_status":"closed","template":"","meta":{"footnotes":""},"class_list":["post-1073","page","type-page","status-publish","hentry","no-post-thumbnail","post-grid-3-col","entry"],"_links":{"self":[{"href":"https:\/\/khachatryan.fr\/index.php\/wp-json\/wp\/v2\/pages\/1073","targetHints":{"allow":["GET"]}}],"collection":[{"href":"https:\/\/khachatryan.fr\/index.php\/wp-json\/wp\/v2\/pages"}],"about":[{"href":"https:\/\/khachatryan.fr\/index.php\/wp-json\/wp\/v2\/types\/page"}],"author":[{"embeddable":true,"href":"https:\/\/khachatryan.fr\/index.php\/wp-json\/wp\/v2\/users\/1"}],"replies":[{"embeddable":true,"href":"https:\/\/khachatryan.fr\/index.php\/wp-json\/wp\/v2\/comments?post=1073"}],"version-history":[{"count":21,"href":"https:\/\/khachatryan.fr\/index.php\/wp-json\/wp\/v2\/pages\/1073\/revisions"}],"predecessor-version":[{"id":1620,"href":"https:\/\/khachatryan.fr\/index.php\/wp-json\/wp\/v2\/pages\/1073\/revisions\/1620"}],"wp:attachment":[{"href":"https:\/\/khachatryan.fr\/index.php\/wp-json\/wp\/v2\/media?parent=1073"}],"curies":[{"name":"wp","href":"https:\/\/api.w.org\/{rel}","templated":true}]}}