{"id":1074,"date":"2024-06-22T20:56:38","date_gmt":"2024-06-22T19:56:38","guid":{"rendered":"https:\/\/khachatryan.fr\/?page_id=1074"},"modified":"2024-07-02T06:34:58","modified_gmt":"2024-07-02T05:34:58","slug":"tarifs-taraz","status":"publish","type":"page","link":"https:\/\/khachatryan.fr\/index.php\/tarifs-taraz\/","title":{"rendered":"TARIFS TARAZ"},"content":{"rendered":"\n<h5 class=\"wp-block-heading has-medium-font-size\">S\u00e9ance photo  \u00e0 domicile ou en studio ou en ext\u00e9rieur, un shooting photo en solo, en couple ou en famille, des magnifiques souvenirs en habits traditionnels arm\u00e9niens.<\/h5>\n\n\n\n<h5 class=\"wp-block-heading has-medium-font-size\"><\/h5>\n\n\n\n<p class=\"has-medium-font-size\"><\/p>\n\n\n\n<figure class=\"wp-block-table\"><table><tbody><tr><td class=\"has-text-align-center\" data-align=\"center\">PERSONNES<\/td><td class=\"has-text-align-center\" data-align=\"center\">PRIX<\/td><td class=\"has-text-align-center\" data-align=\"center\">PHOTOS<\/td><\/tr><tr><td class=\"has-text-align-center\" data-align=\"center\">1-2 personnes<\/td><td class=\"has-text-align-center\" data-align=\"center\">100 \u20ac<\/td><td class=\"has-text-align-center\" data-align=\"center\">10 photos<\/td><\/tr><tr><td class=\"has-text-align-center\" data-align=\"center\"> 1-2 personnes<\/td><td class=\"has-text-align-center\" data-align=\"center\">150 \u20ac<\/td><td class=\"has-text-align-center\" data-align=\"center\">20 photos<\/td><\/tr><tr><td class=\"has-text-align-center\" data-align=\"center\">  3-5 personnes<\/td><td class=\"has-text-align-center\" data-align=\"center\">100 \u20ac<\/td><td class=\"has-text-align-center\" data-align=\"center\">10 photos<\/td><\/tr><tr><td class=\"has-text-align-center\" data-align=\"center\">  3-5 personnes<\/td><td class=\"has-text-align-center\" data-align=\"center\">150 \u20ac<\/td><td class=\"has-text-align-center\" data-align=\"center\">15 photos<\/td><\/tr><tr><td class=\"has-text-align-center\" data-align=\"center\">  3-5 personnes<\/td><td class=\"has-text-align-center\" data-align=\"center\">200 \u20ac<\/td><td class=\"has-text-align-center\" data-align=\"center\">20 photos<\/td><\/tr><tr><td class=\"has-text-align-center\" data-align=\"center\">  6-9 personnes<\/td><td class=\"has-text-align-center\" data-align=\"center\">150 \u20ac<\/td><td class=\"has-text-align-center\" data-align=\"center\">10 photos<\/td><\/tr><tr><td class=\"has-text-align-center\" data-align=\"center\">  6-9 personnes<\/td><td class=\"has-text-align-center\" data-align=\"center\">200 \u20ac<\/td><td class=\"has-text-align-center\" data-align=\"center\">15 photos<\/td><\/tr><\/tbody><\/table><\/figure>\n\n\n\n<figure class=\"wp-block-gallery has-nested-images columns-default is-cropped wp-block-gallery-1 is-layout-flex wp-block-gallery-is-layout-flex\">\n<figure class=\"wp-block-image size-large\"><img loading=\"lazy\" decoding=\"async\" width=\"1024\" height=\"420\" data-id=\"1159\" src=\"https:\/\/khachatryan.fr\/wp-content\/uploads\/2024\/06\/77778-1024x420.jpg\" alt=\"\" class=\"wp-image-1159\" srcset=\"https:\/\/khachatryan.fr\/wp-content\/uploads\/2024\/06\/77778-1024x420.jpg 1024w, https:\/\/khachatryan.fr\/wp-content\/uploads\/2024\/06\/77778-300x123.jpg 300w, https:\/\/khachatryan.fr\/wp-content\/uploads\/2024\/06\/77778-768x315.jpg 768w, https:\/\/khachatryan.fr\/wp-content\/uploads\/2024\/06\/77778-1536x630.jpg 1536w, https:\/\/khachatryan.fr\/wp-content\/uploads\/2024\/06\/77778-2048x840.jpg 2048w\" sizes=\"auto, (max-width: 1024px) 100vw, 1024px\" \/><\/figure>\n<\/figure>\n","protected":false},"excerpt":{"rendered":"<p>S\u00e9ance photo \u00e0 domicile ou en studio ou en ext\u00e9rieur, un shooting photo en solo, en couple ou en famille, des magnifiques souvenirs en habits traditionnels arm\u00e9niens. PERSONNES PRIX PHOTOS 1-2 personnes 100 \u20ac 10 photos 1-2 personnes 150 \u20ac 20 photos 3-5 personnes 100 \u20ac 10 photos 3-5 personnes 150 \u20ac 15 photos 3-5&hellip;<\/p>\n","protected":false},"author":1,"featured_media":0,"parent":0,"menu_order":0,"comment_status":"closed","ping_status":"closed","template":"","meta":{"footnotes":""},"class_list":["post-1074","page","type-page","status-publish","hentry","no-post-thumbnail","post-grid-3-col","entry"],"_links":{"self":[{"href":"https:\/\/khachatryan.fr\/index.php\/wp-json\/wp\/v2\/pages\/1074","targetHints":{"allow":["GET"]}}],"collection":[{"href":"https:\/\/khachatryan.fr\/index.php\/wp-json\/wp\/v2\/pages"}],"about":[{"href":"https:\/\/khachatryan.fr\/index.php\/wp-json\/wp\/v2\/types\/page"}],"author":[{"embeddable":true,"href":"https:\/\/khachatryan.fr\/index.php\/wp-json\/wp\/v2\/users\/1"}],"replies":[{"embeddable":true,"href":"https:\/\/khachatryan.fr\/index.php\/wp-json\/wp\/v2\/comments?post=1074"}],"version-history":[{"count":15,"href":"https:\/\/khachatryan.fr\/index.php\/wp-json\/wp\/v2\/pages\/1074\/revisions"}],"predecessor-version":[{"id":1608,"href":"https:\/\/khachatryan.fr\/index.php\/wp-json\/wp\/v2\/pages\/1074\/revisions\/1608"}],"wp:attachment":[{"href":"https:\/\/khachatryan.fr\/index.php\/wp-json\/wp\/v2\/media?parent=1074"}],"curies":[{"name":"wp","href":"https:\/\/api.w.org\/{rel}","templated":true}]}}