{"id":1075,"date":"2024-06-22T20:56:38","date_gmt":"2024-06-22T19:56:38","guid":{"rendered":"https:\/\/khachatryan.fr\/?page_id=1075"},"modified":"2024-07-02T06:47:56","modified_gmt":"2024-07-02T05:47:56","slug":"tarifs-immobilier","status":"publish","type":"page","link":"https:\/\/khachatryan.fr\/index.php\/tarifs-immobilier\/","title":{"rendered":"TARIFS PHOTOGRAPHE IMMOBILIER"},"content":{"rendered":"\n<h5 class=\"wp-block-heading has-medium-font-size\">Mes tarifs de photographie immobili\u00e8re varient en fonction de la taille et du type de bien immobilier pour la location, et en fonction du nombre des photos souhait\u00e9es pour la vente. Les prix comprennent le montage HDR et la retouche des photos. Toutes les photos sont envoy\u00e9es par lien de t\u00e9l\u00e9chargement en haute r\u00e9solution.<\/h5>\n\n\n\n<p><\/p>\n\n\n\n<h2 class=\"wp-block-heading has-luminous-vivid-orange-color has-text-color has-link-color wp-elements-b67c7cb88183381680ad78407802bfa7\"><strong>TARIFS IMMOBILIER LOCATION HT*<\/strong><\/h2>\n\n\n\n<p><\/p>\n\n\n\n<p><\/p>\n\n\n\n<h3 class=\"wp-block-heading\"><strong>APPARTEMENT<\/strong><\/h3>\n\n\n\n<figure class=\"wp-block-table\"><table><tbody><tr><td class=\"has-text-align-center\" data-align=\"center\">SURFACE<\/td><td class=\"has-text-align-center\" data-align=\"center\">PRIX<\/td><td class=\"has-text-align-center\" data-align=\"center\">PHOTOS<\/td><\/tr><tr><td class=\"has-text-align-center\" data-align=\"center\">Studio<\/td><td class=\"has-text-align-center\" data-align=\"center\">80,00 \u20ac<\/td><td class=\"has-text-align-center\" data-align=\"center\">10 photos<\/td><\/tr><tr><td class=\"has-text-align-center\" data-align=\"center\">2 pi\u00e8ces<\/td><td class=\"has-text-align-center\" data-align=\"center\">100,00 \u20ac<\/td><td class=\"has-text-align-center\" data-align=\"center\">13 photos<\/td><\/tr><tr><td class=\"has-text-align-center\" data-align=\"center\">3 pi\u00e8ces<\/td><td class=\"has-text-align-center\" data-align=\"center\">120,00 \u20ac<\/td><td class=\"has-text-align-center\" data-align=\"center\">16 photos<\/td><\/tr><tr><td class=\"has-text-align-center\" data-align=\"center\">4 pi\u00e8ces<\/td><td class=\"has-text-align-center\" data-align=\"center\">140,00 \u20ac<\/td><td class=\"has-text-align-center\" data-align=\"center\">20 photos<\/td><\/tr><tr><td class=\"has-text-align-center\" data-align=\"center\">5 pi\u00e8ces<\/td><td class=\"has-text-align-center\" data-align=\"center\">160,00 \u20ac<\/td><td class=\"has-text-align-center\" data-align=\"center\">24 photos<\/td><\/tr><tr><td class=\"has-text-align-center\" data-align=\"center\">6 pi\u00e8ces<\/td><td class=\"has-text-align-center\" data-align=\"center\">180,00 \u20ac<\/td><td class=\"has-text-align-center\" data-align=\"center\">30 photos<\/td><\/tr><tr><td class=\"has-text-align-center\" data-align=\"center\">7 pi\u00e8ces<\/td><td class=\"has-text-align-center\" data-align=\"center\">200,00 \u20ac<\/td><td class=\"has-text-align-center\" data-align=\"center\">37 photos<\/td><\/tr><tr><td class=\"has-text-align-center\" data-align=\"center\">8 pi\u00e8ces<\/td><td class=\"has-text-align-center\" data-align=\"center\">220,00 \u20ac<\/td><td class=\"has-text-align-center\" data-align=\"center\">45 photos<\/td><\/tr><\/tbody><\/table><\/figure>\n\n\n\n<h3 class=\"wp-block-heading has-luminous-vivid-orange-color has-text-color has-link-color wp-elements-51f7c209182800ede3f47d80bbb0d068\"><strong>MAISON\/CHALET<\/strong><\/h3>\n\n\n\n<figure class=\"wp-block-table\"><table><tbody><tr><td class=\"has-text-align-center\" data-align=\"center\">SURFACE<\/td><td class=\"has-text-align-center\" data-align=\"center\">PRIX<\/td><td class=\"has-text-align-center\" data-align=\"center\">PHOTOS<\/td><\/tr><tr><td class=\"has-text-align-center\" data-align=\"center\">2 pi\u00e8ces<\/td><td class=\"has-text-align-center\" data-align=\"center\">150,00 \u20ac<\/td><td class=\"has-text-align-center\" data-align=\"center\">15 photos<\/td><\/tr><tr><td class=\"has-text-align-center\" data-align=\"center\">3 pi\u00e8ces<\/td><td class=\"has-text-align-center\" data-align=\"center\">180,00 \u20ac<\/td><td class=\"has-text-align-center\" data-align=\"center\">18 photos<\/td><\/tr><tr><td class=\"has-text-align-center\" data-align=\"center\">4 pi\u00e8ces<\/td><td class=\"has-text-align-center\" data-align=\"center\">200,00 \u20ac<\/td><td class=\"has-text-align-center\" data-align=\"center\">22 photos<\/td><\/tr><tr><td class=\"has-text-align-center\" data-align=\"center\">5 pi\u00e8ces<\/td><td class=\"has-text-align-center\" data-align=\"center\">250,00 \u20ac<\/td><td class=\"has-text-align-center\" data-align=\"center\">26 photos<\/td><\/tr><tr><td class=\"has-text-align-center\" data-align=\"center\">6 pi\u00e8ces<\/td><td class=\"has-text-align-center\" data-align=\"center\">300,00 \u20ac<\/td><td class=\"has-text-align-center\" data-align=\"center\">32 photos<\/td><\/tr><tr><td class=\"has-text-align-center\" data-align=\"center\">7 pi\u00e8ces<\/td><td class=\"has-text-align-center\" data-align=\"center\">350,00 \u20ac<\/td><td class=\"has-text-align-center\" data-align=\"center\">39 photos<\/td><\/tr><tr><td class=\"has-text-align-center\" data-align=\"center\">8 pi\u00e8ces<\/td><td class=\"has-text-align-center\" data-align=\"center\">400,00 \u20ac<\/td><td class=\"has-text-align-center\" data-align=\"center\">47 photos<\/td><\/tr><\/tbody><\/table><\/figure>\n\n\n\n<h4 class=\"wp-block-heading\"><\/h4>\n\n\n\n<h2 class=\"wp-block-heading has-luminous-vivid-orange-color has-text-color has-link-color wp-elements-abd07b3ed79dfc490944e9e8b978c07a\"><strong>TARIFS IMMOBILIER VENTE HT*<\/strong><\/h2>\n\n\n\n<figure class=\"wp-block-table\"><table><tbody><tr><td class=\"has-text-align-center\" data-align=\"center\">PRIX<\/td><td class=\"has-text-align-center\" data-align=\"center\">PHOTOS<\/td><\/tr><tr><td class=\"has-text-align-center\" data-align=\"center\">80,00 \u20ac<\/td><td class=\"has-text-align-center\" data-align=\"center\">5 photos<\/td><\/tr><tr><td class=\"has-text-align-center\" data-align=\"center\">150,00 \u20ac<\/td><td class=\"has-text-align-center\" data-align=\"center\">10 photos<\/td><\/tr><tr><td class=\"has-text-align-center\" data-align=\"center\">200,00 \u20ac<\/td><td class=\"has-text-align-center\" data-align=\"center\">15 photos<\/td><\/tr><tr><td class=\"has-text-align-center\" data-align=\"center\">250,00 \u20ac<\/td><td class=\"has-text-align-center\" data-align=\"center\">20 photos<\/td><\/tr><tr><td class=\"has-text-align-center\" data-align=\"center\">300,00 \u20ac<\/td><td class=\"has-text-align-center\" data-align=\"center\">25 photos<\/td><\/tr><tr><td class=\"has-text-align-center\" data-align=\"center\">350,00 \u20ac<\/td><td class=\"has-text-align-center\" data-align=\"center\">30 photos<\/td><\/tr><\/tbody><\/table><\/figure>\n\n\n\n<h2 class=\"wp-block-heading\"><strong>SUPPLEMENT DRONE &nbsp;100 \u20ac HT*<\/strong><\/h2>\n\n\n\n<p>5 photos a\u00e9riennes<\/p>\n\n\n\n<p>Prises de vues a\u00e9riennes, avec un Mavic air 2<\/p>\n\n\n\n<p>D\u00e9marches pour les autorisations de vol<\/p>\n\n\n\n<p><\/p>\n\n\n\n<p><\/p>\n","protected":false},"excerpt":{"rendered":"<p>Mes tarifs de photographie immobili\u00e8re varient en fonction de la taille et du type de bien immobilier pour la location, et en fonction du nombre des photos souhait\u00e9es pour la vente. Les prix comprennent le montage HDR et la retouche des photos. Toutes les photos sont envoy\u00e9es par lien de t\u00e9l\u00e9chargement en haute r\u00e9solution. TARIFS&hellip;<\/p>\n","protected":false},"author":1,"featured_media":0,"parent":0,"menu_order":0,"comment_status":"closed","ping_status":"closed","template":"","meta":{"footnotes":""},"class_list":["post-1075","page","type-page","status-publish","hentry","no-post-thumbnail","post-grid-3-col","entry"],"_links":{"self":[{"href":"https:\/\/khachatryan.fr\/index.php\/wp-json\/wp\/v2\/pages\/1075","targetHints":{"allow":["GET"]}}],"collection":[{"href":"https:\/\/khachatryan.fr\/index.php\/wp-json\/wp\/v2\/pages"}],"about":[{"href":"https:\/\/khachatryan.fr\/index.php\/wp-json\/wp\/v2\/types\/page"}],"author":[{"embeddable":true,"href":"https:\/\/khachatryan.fr\/index.php\/wp-json\/wp\/v2\/users\/1"}],"replies":[{"embeddable":true,"href":"https:\/\/khachatryan.fr\/index.php\/wp-json\/wp\/v2\/comments?post=1075"}],"version-history":[{"count":13,"href":"https:\/\/khachatryan.fr\/index.php\/wp-json\/wp\/v2\/pages\/1075\/revisions"}],"predecessor-version":[{"id":1616,"href":"https:\/\/khachatryan.fr\/index.php\/wp-json\/wp\/v2\/pages\/1075\/revisions\/1616"}],"wp:attachment":[{"href":"https:\/\/khachatryan.fr\/index.php\/wp-json\/wp\/v2\/media?parent=1075"}],"curies":[{"name":"wp","href":"https:\/\/api.w.org\/{rel}","templated":true}]}}