{"id":1076,"date":"2024-06-22T20:56:38","date_gmt":"2024-06-22T19:56:38","guid":{"rendered":"https:\/\/khachatryan.fr\/?page_id=1076"},"modified":"2024-07-02T06:46:33","modified_gmt":"2024-07-02T05:46:33","slug":"tarifs-familles","status":"publish","type":"page","link":"https:\/\/khachatryan.fr\/index.php\/tarifs-familles\/","title":{"rendered":"TARIFS PHOTOGRAPHE FAMILLE"},"content":{"rendered":"\n<h5 class=\"wp-block-heading has-medium-font-size\">Pour mes s\u00e9ances photos je me d\u00e9place en France et \u00e0 l\u2019\u00e9tranger. Les frais de d\u00e9placement sont \u00e0 compter \u00e0 partir de 50 km au-del\u00e0 de Clermont-Ferrand.<\/h5>\n\n\n\n<p><\/p>\n\n\n\n<h2 class=\"wp-block-heading has-luminous-vivid-orange-color has-text-color has-link-color wp-elements-e47661a66d50dc161b7d203b15c3b68b\"><strong>S\u00c9ANCE PHOTO NOUVEAU-N\u00c9<\/strong><\/h2>\n\n\n\n<h3 class=\"wp-block-heading\"><strong>300 \u20ac&nbsp;<\/strong><\/h3>\n\n\n\n<p>S\u00e9ance photo de 3 heures \u00e0 domicile ou dans mon home studio<\/p>\n\n\n\n<p>Portraits du b\u00e9b\u00e9 et portraits avec les parents et les a\u00een\u00e9s<\/p>\n\n\n\n<p>Accessoires pour les portraits<\/p>\n\n\n\n<p>15 photos trait\u00e9es avec Photoshop et livr\u00e9es en haute r\u00e9solution par t\u00e9l\u00e9chargement<\/p>\n\n\n\n<p>Choix des 15 photos dans une galerie de 30 photos retouch\u00e9s<\/p>\n\n\n\n<p>15 tirages en 20\u00d730 cm<\/p>\n\n\n\n<p>Galerie web avec acc\u00e8s s\u00e9curis\u00e9<\/p>\n\n\n\n<h2 class=\"wp-block-heading\"><\/h2>\n\n\n\n<p><\/p>\n\n\n\n<h2 class=\"wp-block-heading has-luminous-vivid-orange-color has-text-color has-link-color wp-elements-ea4cb850c93f7019efdcc9ececa459a9\"><strong>S\u00c9ANCE PHOTO DE GROSSESSE<\/strong><\/h2>\n\n\n\n<h3 class=\"wp-block-heading\"><strong>200 \u20ac&nbsp;<\/strong><\/h3>\n\n\n\n<p>S\u00e9ance photo de 1 \u00e0 2 heures \u00e0 domicile et\/ou \u00e0 l\u2019ext\u00e9rieur<\/p>\n\n\n\n<p>30 photos trait\u00e9es avec Photoshop&nbsp;et livr\u00e9es en haute r\u00e9solution par t\u00e9l\u00e9chargement<\/p>\n\n\n\n<p><\/p>\n\n\n\n<p>2 tirages en 20\u00d730 cm<\/p>\n\n\n\n<p>Galerie web avec acc\u00e8s s\u00e9curis\u00e9<\/p>\n\n\n\n<h3 class=\"wp-block-heading\"><\/h3>\n\n\n\n<p><\/p>\n\n\n\n<h2 class=\"wp-block-heading has-luminous-vivid-orange-color has-text-color has-link-color wp-elements-185f3682906f723a1cdc5e10607e1cb1\"><strong>S\u00c9ANCE PHOTO DE FAMILLE<\/strong><\/h2>\n\n\n\n<h3 class=\"wp-block-heading\"><strong>200 \u20ac&nbsp;<\/strong><\/h3>\n\n\n\n<p>S\u00e9ance photo de 2 heures \u00e0 domicile et\/ou \u00e0 l\u2019ext\u00e9rieur<\/p>\n\n\n\n<p>30 photos trait\u00e9es avec Photoshop&nbsp;et livr\u00e9es en haute r\u00e9solution par t\u00e9l\u00e9chargement<\/p>\n\n\n\n<p>Choix des 30 photos dans une galerie de 50 photos retouch\u00e9s<\/p>\n\n\n\n<p>2 tirages en 20\u00d730 cm<\/p>\n\n\n\n<p>Galerie web avec acc\u00e8s s\u00e9curis\u00e9<\/p>\n\n\n\n<h3 class=\"wp-block-heading\"><\/h3>\n\n\n\n<p><\/p>\n","protected":false},"excerpt":{"rendered":"<p>Pour mes s\u00e9ances photos je me d\u00e9place en France et \u00e0 l\u2019\u00e9tranger. Les frais de d\u00e9placement sont \u00e0 compter \u00e0 partir de 50 km au-del\u00e0 de Clermont-Ferrand. S\u00c9ANCE PHOTO NOUVEAU-N\u00c9 300 \u20ac&nbsp; S\u00e9ance photo de 3 heures \u00e0 domicile ou dans mon home studio Portraits du b\u00e9b\u00e9 et portraits avec les parents et les a\u00een\u00e9s&hellip;<\/p>\n","protected":false},"author":1,"featured_media":0,"parent":0,"menu_order":0,"comment_status":"closed","ping_status":"closed","template":"","meta":{"footnotes":""},"class_list":["post-1076","page","type-page","status-publish","hentry","no-post-thumbnail","post-grid-3-col","entry"],"_links":{"self":[{"href":"https:\/\/khachatryan.fr\/index.php\/wp-json\/wp\/v2\/pages\/1076","targetHints":{"allow":["GET"]}}],"collection":[{"href":"https:\/\/khachatryan.fr\/index.php\/wp-json\/wp\/v2\/pages"}],"about":[{"href":"https:\/\/khachatryan.fr\/index.php\/wp-json\/wp\/v2\/types\/page"}],"author":[{"embeddable":true,"href":"https:\/\/khachatryan.fr\/index.php\/wp-json\/wp\/v2\/users\/1"}],"replies":[{"embeddable":true,"href":"https:\/\/khachatryan.fr\/index.php\/wp-json\/wp\/v2\/comments?post=1076"}],"version-history":[{"count":14,"href":"https:\/\/khachatryan.fr\/index.php\/wp-json\/wp\/v2\/pages\/1076\/revisions"}],"predecessor-version":[{"id":1614,"href":"https:\/\/khachatryan.fr\/index.php\/wp-json\/wp\/v2\/pages\/1076\/revisions\/1614"}],"wp:attachment":[{"href":"https:\/\/khachatryan.fr\/index.php\/wp-json\/wp\/v2\/media?parent=1076"}],"curies":[{"name":"wp","href":"https:\/\/api.w.org\/{rel}","templated":true}]}}