{"id":1485,"date":"2024-06-30T10:48:42","date_gmt":"2024-06-30T09:48:42","guid":{"rendered":"https:\/\/khachatryan.fr\/?page_id=1485"},"modified":"2024-07-02T16:01:17","modified_gmt":"2024-07-02T15:01:17","slug":"tarifs-video-de-mariage","status":"publish","type":"page","link":"https:\/\/khachatryan.fr\/index.php\/tarifs-video-de-mariage\/","title":{"rendered":"TARIFS VIDEO DE MARIAGE"},"content":{"rendered":"\n<p>  <strong><em>Les vid\u00e9os sont fournies sur une cl\u00e9 USB<\/em><\/strong><\/p>\n\n\n\n<figure class=\"wp-block-image size-large\"><img loading=\"lazy\" decoding=\"async\" width=\"1024\" height=\"641\" src=\"https:\/\/khachatryan.fr\/wp-content\/uploads\/2024\/06\/5555-1024x641.jpg\" alt=\"\" class=\"wp-image-1499\" srcset=\"https:\/\/khachatryan.fr\/wp-content\/uploads\/2024\/06\/5555-1024x641.jpg 1024w, https:\/\/khachatryan.fr\/wp-content\/uploads\/2024\/06\/5555-300x188.jpg 300w, https:\/\/khachatryan.fr\/wp-content\/uploads\/2024\/06\/5555-768x481.jpg 768w, https:\/\/khachatryan.fr\/wp-content\/uploads\/2024\/06\/5555.jpg 1417w\" sizes=\"auto, (max-width: 1024px) 100vw, 1024px\" \/><\/figure>\n\n\n\n<h2 class=\"wp-block-heading has-luminous-vivid-orange-color has-text-color has-link-color wp-elements-d2483a3587d5657d56bbf0c2aaea942a\">MAGNIFIQUE JOURN\u00c9E <\/h2>\n\n\n\n<h3 class=\"wp-block-heading has-black-color has-text-color has-link-color wp-elements-d90498a64c2970d501d6c01892aa859f\"><strong>300 \u20ac<\/strong><\/h3>\n\n\n\n<p>Demi-journ\u00e9e <br>1 vid\u00e9aste<br>4h de pr\u00e9sence<br>C\u00e9r\u00e9monie<br>Vin d\u2019honneur<br>1 film de 15 min<br>Livraison 10 semaines<\/p>\n\n\n\n<p>Heure suppl\u00e9mentaire :&nbsp;<strong>100 \u20ac&nbsp;<\/strong><\/p>\n\n\n\n<p>Frais de d\u00e9placement \u00e0 pr\u00e9voir.<\/p>\n\n\n\n<p>________________________________________<\/p>\n\n\n\n<figure class=\"wp-block-gallery has-nested-images columns-default is-cropped wp-block-gallery-1 is-layout-flex wp-block-gallery-is-layout-flex\">\n<figure class=\"wp-block-image size-large\"><img loading=\"lazy\" decoding=\"async\" width=\"1024\" height=\"641\" data-id=\"1497\" src=\"https:\/\/khachatryan.fr\/wp-content\/uploads\/2024\/06\/GOQ07479-1-1024x641.jpg\" alt=\"\" class=\"wp-image-1497\" srcset=\"https:\/\/khachatryan.fr\/wp-content\/uploads\/2024\/06\/GOQ07479-1-1024x641.jpg 1024w, https:\/\/khachatryan.fr\/wp-content\/uploads\/2024\/06\/GOQ07479-1-300x188.jpg 300w, https:\/\/khachatryan.fr\/wp-content\/uploads\/2024\/06\/GOQ07479-1-768x481.jpg 768w, https:\/\/khachatryan.fr\/wp-content\/uploads\/2024\/06\/GOQ07479-1.jpg 1417w\" sizes=\"auto, (max-width: 1024px) 100vw, 1024px\" \/><\/figure>\n<\/figure>\n\n\n\n<h2 class=\"wp-block-heading has-luminous-vivid-orange-color has-text-color has-link-color wp-elements-f2ec47341c4b0855cd7c93d9a35486fb\">JOUR SUBLIME <\/h2>\n\n\n\n<h3 class=\"wp-block-heading has-black-color has-text-color has-link-color wp-elements-a9055e66f416c4b10a28685a0b236f0f\"><strong> 1500 \u20ac<\/strong><\/h3>\n\n\n\n<div class=\"wp-block-columns is-layout-flex wp-container-core-columns-is-layout-9d6595d7 wp-block-columns-is-layout-flex\">\n<div class=\"wp-block-column is-layout-flow wp-block-column-is-layout-flow\" style=\"flex-basis:100%\">\n<p>Journ\u00e9e enti\u00e8re <br>Tournage 13h<br>Pr\u00e9paratifs<br>C\u00e9r\u00e9monie<br>Vin d\u2019honneur<br>Repas<br>Soir\u00e9e<br>1 film de 30\/45 min<br>Livraison 10 semaines<\/p>\n\n\n\n<p>Heure suppl\u00e9mentaire :&nbsp;<strong>100 \u20ac&nbsp;<\/strong><\/p>\n\n\n\n<p>Frais de d\u00e9placement \u00e0 pr\u00e9voir.<\/p>\n\n\n\n<p>________________________________________<\/p>\n<\/div>\n<\/div>\n\n\n\n<figure class=\"wp-block-gallery has-nested-images columns-default is-cropped wp-block-gallery-2 is-layout-flex wp-block-gallery-is-layout-flex\">\n<figure class=\"wp-block-image size-large\"><img loading=\"lazy\" decoding=\"async\" width=\"1024\" height=\"641\" data-id=\"1503\" src=\"https:\/\/khachatryan.fr\/wp-content\/uploads\/2024\/06\/555-1024x641.jpg\" alt=\"\" class=\"wp-image-1503\" srcset=\"https:\/\/khachatryan.fr\/wp-content\/uploads\/2024\/06\/555-1024x641.jpg 1024w, https:\/\/khachatryan.fr\/wp-content\/uploads\/2024\/06\/555-300x188.jpg 300w, https:\/\/khachatryan.fr\/wp-content\/uploads\/2024\/06\/555-768x481.jpg 768w, https:\/\/khachatryan.fr\/wp-content\/uploads\/2024\/06\/555.jpg 1417w\" sizes=\"auto, (max-width: 1024px) 100vw, 1024px\" \/><\/figure>\n<\/figure>\n\n\n\n<h2 class=\"wp-block-heading has-luminous-vivid-orange-color has-text-color has-link-color wp-elements-f875a8cf070315a6cabf768d7670865f\">BELLE JOURN\u00c9E <\/h2>\n\n\n\n<h3 class=\"wp-block-heading has-black-color has-text-color has-link-color wp-elements-bb75cb317911939357ea537b2e60252a\"><strong>1700 \u20ac<\/strong><\/h3>\n\n\n\n<p>Journ\u00e9e enti\u00e8re <br>Tournage 13h<br>Pr\u00e9paratifs<br>C\u00e9r\u00e9monie<br>Vin d\u2019honneur<br>Repas<br>Soir\u00e9e<br>1 film de 30\/45 min<br>1 teaser de 3 min<br>Livraison 10 semaines<\/p>\n\n\n\n<p><em>Heure suppl\u00e9mentaire :<\/em>&nbsp;<strong>100 \u20ac&nbsp;<\/strong><\/p>\n\n\n\n<p><em>Frais de d\u00e9placement \u00e0 pr\u00e9voir<\/em>.<\/p>\n\n\n\n<h4 class=\"wp-block-heading\">&#8211; <strong><em>Possibilit\u00e9 de faire<\/em><\/strong> : VID\u00c9O + PHOTOS &#8211;<\/h4>\n\n\n\n<p>________________________________________<\/p>\n\n\n\n<figure class=\"wp-block-image size-large\"><img loading=\"lazy\" decoding=\"async\" width=\"1024\" height=\"683\" src=\"https:\/\/khachatryan.fr\/wp-content\/uploads\/2024\/06\/445174122_1210903813302453_2426416685916131445_n-1-1024x683.jpg\" alt=\"\" class=\"wp-image-1513\" srcset=\"https:\/\/khachatryan.fr\/wp-content\/uploads\/2024\/06\/445174122_1210903813302453_2426416685916131445_n-1-1024x683.jpg 1024w, https:\/\/khachatryan.fr\/wp-content\/uploads\/2024\/06\/445174122_1210903813302453_2426416685916131445_n-1-300x200.jpg 300w, https:\/\/khachatryan.fr\/wp-content\/uploads\/2024\/06\/445174122_1210903813302453_2426416685916131445_n-1-768x512.jpg 768w, https:\/\/khachatryan.fr\/wp-content\/uploads\/2024\/06\/445174122_1210903813302453_2426416685916131445_n-1-1536x1024.jpg 1536w, https:\/\/khachatryan.fr\/wp-content\/uploads\/2024\/06\/445174122_1210903813302453_2426416685916131445_n-1.jpg 2048w\" sizes=\"auto, (max-width: 1024px) 100vw, 1024px\" \/><\/figure>\n\n\n\n<h2 class=\"wp-block-heading has-luminous-vivid-orange-color has-text-color has-link-color wp-elements-3dcc586a38882156f3ed2e40cd93daae\">JOUR PARFAIT <\/h2>\n\n\n\n<h3 class=\"wp-block-heading has-black-color has-text-color has-link-color wp-elements-144564ecc6e501427206e778501f1e82\"><strong>3000 \u20ac<\/strong><\/h3>\n\n\n\n<p>Journ\u00e9e enti\u00e8re : <strong><em>VID\u00c9O<\/em><\/strong> \/ <em><strong>DRONE<\/strong><\/em> \/ <em><strong>PHOTOS<\/strong><\/em><br>jusqu&rsquo;\u00e0 13h de pr\u00e9sence<br>1 photographe<br>1 vid\u00e9aste et pilote de drone<br>+ de 1000 photos num\u00e9riques trait\u00e9es avec Photoshop et Lightroom<br>1 film de 30\/45 min<br>1 film \u00ab Night Edit \u00bb<\/p>\n","protected":false},"excerpt":{"rendered":"<p>Les vid\u00e9os sont fournies sur une cl\u00e9 USB MAGNIFIQUE JOURN\u00c9E 300 \u20ac Demi-journ\u00e9e 1 vid\u00e9aste4h de pr\u00e9senceC\u00e9r\u00e9monieVin d\u2019honneur1 film de 15 minLivraison 10 semaines Heure suppl\u00e9mentaire :&nbsp;100 \u20ac&nbsp; Frais de d\u00e9placement \u00e0 pr\u00e9voir. ________________________________________ JOUR SUBLIME 1500 \u20ac Journ\u00e9e enti\u00e8re Tournage 13hPr\u00e9paratifsC\u00e9r\u00e9monieVin d\u2019honneurRepasSoir\u00e9e1 film de 30\/45 minLivraison 10 semaines Heure suppl\u00e9mentaire :&nbsp;100 \u20ac&nbsp; Frais de&hellip;<\/p>\n","protected":false},"author":1,"featured_media":0,"parent":0,"menu_order":0,"comment_status":"closed","ping_status":"closed","template":"","meta":{"footnotes":""},"class_list":["post-1485","page","type-page","status-publish","hentry","no-post-thumbnail","post-grid-3-col","entry"],"_links":{"self":[{"href":"https:\/\/khachatryan.fr\/index.php\/wp-json\/wp\/v2\/pages\/1485","targetHints":{"allow":["GET"]}}],"collection":[{"href":"https:\/\/khachatryan.fr\/index.php\/wp-json\/wp\/v2\/pages"}],"about":[{"href":"https:\/\/khachatryan.fr\/index.php\/wp-json\/wp\/v2\/types\/page"}],"author":[{"embeddable":true,"href":"https:\/\/khachatryan.fr\/index.php\/wp-json\/wp\/v2\/users\/1"}],"replies":[{"embeddable":true,"href":"https:\/\/khachatryan.fr\/index.php\/wp-json\/wp\/v2\/comments?post=1485"}],"version-history":[{"count":28,"href":"https:\/\/khachatryan.fr\/index.php\/wp-json\/wp\/v2\/pages\/1485\/revisions"}],"predecessor-version":[{"id":1621,"href":"https:\/\/khachatryan.fr\/index.php\/wp-json\/wp\/v2\/pages\/1485\/revisions\/1621"}],"wp:attachment":[{"href":"https:\/\/khachatryan.fr\/index.php\/wp-json\/wp\/v2\/media?parent=1485"}],"curies":[{"name":"wp","href":"https:\/\/api.w.org\/{rel}","templated":true}]}}